{"id":179207,"date":"2023-08-28T11:36:18","date_gmt":"2023-08-28T09:36:18","guid":{"rendered":"https:\/\/www.ab-alternative.com\/?page_id=179207"},"modified":"2023-09-11T11:57:05","modified_gmt":"2023-09-11T09:57:05","slug":"mentions-legales","status":"publish","type":"page","link":"https:\/\/www.ab-alternative.com\/fr\/mentions-legales\/","title":{"rendered":"Mentions L\u00e9gales"},"content":{"rendered":"<p><span data-contrast=\"auto\">Avant de continuer sur ce site web (le &#8220;<strong>Site web<\/strong>&#8220;), veuillez lire attentivement les conditions d&#8217;utilisation suivantes (les &#8220;<strong>Conditions d&#8217;utilisation<\/strong>&#8220;). Les Conditions d&#8217;utilisation et toute autre condition qui appara\u00eet sur la page \u00e0 partir de laquelle vous avez \u00e9t\u00e9 dirig\u00e9 vers ces Conditions d&#8217;utilisation r\u00e9gissent votre utilisation du Site web. En acc\u00e9dant au Site web, chaque utilisateur reconna\u00eet et accepte les Conditions d&#8217;utilisation \u00e9nonc\u00e9es ci-dessous.<\/span><span data-ccp-props=\"{&quot;134233117&quot;:true,&quot;134233118&quot;:true,&quot;201341983&quot;:0,&quot;335559739&quot;:160,&quot;335559740&quot;:240}\">\u00a0<\/span><\/p>\n<p><strong>PRODUITS D&#8217;INVESTISSEMENT <\/strong><\/p>\n<p><span data-contrast=\"auto\">Les produits d&#8217;investissement pr\u00e9sent\u00e9s sur le Site web (les &#8220;<strong>Produits d&#8217;investissement<\/strong>&#8220;) sont d\u00e9crits de mani\u00e8re r\u00e9sum\u00e9e uniquement. Chaque Produit d&#8217;investissement est soumis \u00e0 des conditions sp\u00e9cifiques suppl\u00e9mentaires (les &#8220;<strong>Conditions sp\u00e9cifiques<\/strong>&#8220;), qui s&#8217;appliqueront en plus de ces Conditions d&#8217;utilisation. En cas d&#8217;incoh\u00e9rence, les Conditions sp\u00e9cifiques pr\u00e9vaudront.<\/span><span data-ccp-props=\"{&quot;134233117&quot;:true,&quot;134233118&quot;:true,&quot;201341983&quot;:0,&quot;335559739&quot;:160,&quot;335559740&quot;:240}\">\u00a0<\/span><\/p>\n<p><strong>AUCUN CONSEIL EN INVESTISSEMENT, JURIDIQUE, FISCAL OU AUTRE <\/strong><\/p>\n<p><span data-contrast=\"auto\">Les informations contenues sur le Site web ont \u00e9t\u00e9 produites par ARAB BANK (SWITZERLAND) LTD (&#8220;<strong>ABS<\/strong>&#8220;) avec le plus grand soin et sur la base d&#8217;informations accessibles au public, de donn\u00e9es d\u00e9velopp\u00e9es en interne et d&#8217;autres sources r\u00e9put\u00e9es fiables. Les informations sont fournies \u00e0 titre informatif uniquement. Les investisseurs potentiels dans tout Produit d&#8217;investissement ne doivent pas consid\u00e9rer les informations contenues sur le Site web comme des conseils en mati\u00e8re juridique, fiscale ou d&#8217;investissement. Les investisseurs sont invit\u00e9s \u00e0 consulter leurs propres conseillers professionnels avant de prendre toute d\u00e9cision concernant l&#8217;acquisition, la d\u00e9tention ou la vente d&#8217;un investissement dans tout Produit d&#8217;investissement.<\/span><span data-ccp-props=\"{&quot;134233117&quot;:true,&quot;134233118&quot;:true,&quot;201341983&quot;:0,&quot;335559739&quot;:160,&quot;335559740&quot;:240}\">\u00a0<\/span><\/p>\n<p><span data-contrast=\"auto\"><strong>PAS D&#8217;OFFRE OU DE SOLICITATION<\/strong> <\/span><\/p>\n<p><span data-contrast=\"auto\">Rien dans ce document ne constitue ou ne fait partie d&#8217;une offre de souscrire ou d&#8217;acheter, ou une invitation ou une incitation ou une sollicitation d&#8217;une offre de souscrire ou d&#8217;acheter, des valeurs mobili\u00e8res dans tout Produit d&#8217;investissement ou de mani\u00e8re g\u00e9n\u00e9rale d&#8217;entreprendre toute activit\u00e9 d&#8217;investissement. Rien dans ce document ne constitue la base d&#8217;un contrat ou d&#8217;un engagement quelconque. Le cas \u00e9ch\u00e9ant, chaque Produit d&#8217;investissement ne sera offert qu&#8217;au Luxembourg et dans les pays o\u00f9 ledit Produit d&#8217;investissement est soit enregistr\u00e9, soit autoris\u00e9 pour la distribution (actuellement uniquement en Suisse). Rien de ce qui est contenu dans ce document ne constitue une offre ou une sollicitation \u00e0 quiconque dans une juridiction o\u00f9 une telle offre n&#8217;est pas l\u00e9gale ou \u00e0 quiconque il est ill\u00e9gal de faire une telle offre ou sollicitation. Il incombe \u00e0 chaque personne qui acc\u00e8de et utilise le Site web de se tenir inform\u00e9e et de se conformer \u00e0 de telles restrictions. Lorsque de telles restrictions s&#8217;appliquent, les utilisateurs ne doivent pas acc\u00e9der au Site web. De plus, la divulgation de toute information et l&#8217;offre de Produits d&#8217;investissement \u00e0 la vente peuvent \u00eatre davantage restreintes par les lois et r\u00e9glementations locales de certains pays, en particulier de telles activit\u00e9s sont ill\u00e9gales dans de nombreux pays o\u00f9 les autorit\u00e9s de supervision locales n&#8217;ont pas \u00e9t\u00e9 notifi\u00e9es en cons\u00e9quence ou les autorisations requises n&#8217;ont pas \u00e9t\u00e9 obtenues. Cela s&#8217;applique en particulier aux citoyens ou r\u00e9sidents des \u00c9tats-Unis d&#8217;Am\u00e9rique. Les informations contenues sur le Site web, ainsi que toute copie de celles-ci, ne peuvent \u00eatre envoy\u00e9es, prises en compte ou distribu\u00e9es aux \u00c9tats-Unis d&#8217;Am\u00e9rique ou \u00e0 tout citoyen ou r\u00e9sident de ce pays. Les Produits d&#8217;investissement d\u00e9crits de mani\u00e8re r\u00e9sum\u00e9e dans le pr\u00e9sent document sont soumis \u00e0 d&#8217;autres conditions telles qu&#8217;\u00e9nonc\u00e9es dans leurs documents d&#8217;offre et constitutifs respectifs. Les investissements dans tout Produit d&#8217;investissement ne peuvent \u00eatre effectu\u00e9s que sur la base de la derni\u00e8re version des documents d&#8217;offre dudit Produit d&#8217;investissement, le cas \u00e9ch\u00e9ant, telle qu&#8217;approuv\u00e9e par l&#8217;autorit\u00e9 de r\u00e9glementation comp\u00e9tente.<\/span><span data-ccp-props=\"{&quot;134233117&quot;:true,&quot;134233118&quot;:true,&quot;201341983&quot;:0,&quot;335559739&quot;:160,&quot;335559740&quot;:240}\">\u00a0<\/span><\/p>\n<p><span data-contrast=\"auto\"><strong>INVESTISSEURS ADMISSIBLES<\/strong> <\/span><\/p>\n<p><span data-contrast=\"auto\">Les Produits d&#8217;investissement peuvent ne pas \u00eatre \u00e9ligibles \u00e0 la vente ou disponibles pour les r\u00e9sidents de certains pays ou pour certaines cat\u00e9gories d&#8217;investisseurs. Les informations contenues sur le Site web s&#8217;adressent uniquement aux investisseurs professionnels (au sens de la Directive 2014\/65\/UE du Parlement europ\u00e9en et du Conseil du 15 mai 2014 sur les march\u00e9s d&#8217;instruments financiers, telle que modifi\u00e9e), aux investisseurs bien inform\u00e9s (au sens de la loi luxembourgeoise du 13 f\u00e9vrier 2007 relative aux fonds d&#8217;investissement sp\u00e9cialis\u00e9s, telle que modifi\u00e9e) et\/ou aux investisseurs qualifi\u00e9s (conform\u00e9ment \u00e0 la loi suisse sur les placements collectifs du 23 juin 2006, telle que modifi\u00e9e).<\/span><span data-ccp-props=\"{&quot;134233117&quot;:true,&quot;134233118&quot;:true,&quot;201341983&quot;:0,&quot;335559739&quot;:160,&quot;335559740&quot;:240}\">\u00a0<\/span><\/p>\n<p><span data-contrast=\"auto\"><strong>PERFORMANCE<\/strong> <\/span><\/p>\n<p><span data-contrast=\"auto\">Toute information sur le Site web concernant la performance de tout Produit d&#8217;investissement se r\u00e9f\u00e8re \u00e0 des performances pass\u00e9es et ne constitue pas une indication de la performance future de ce Produit d&#8217;investissement ou de tout autre Produit d&#8217;investissement. Il est soulign\u00e9 que les investissements dans tout Produit d&#8217;investissement sont soumis \u00e0 de nombreux facteurs de risque tels que d\u00e9crits dans les documents d&#8217;offre pertinents du Produit d&#8217;investissement. En tout \u00e9tat de cause, les performances pass\u00e9es ne constituent en aucun cas une d\u00e9claration officielle ou une recommandation par ABS. Les performances pass\u00e9es affich\u00e9es sur ce Site web sont fournies \u00e0 titre informatif uniquement et ne sont pas des indicateurs fiables de performances futures. La valeur d&#8217;un investissement dans tout Produit d&#8217;investissement peut augmenter comme diminuer, et il existe une possibilit\u00e9 de perte totale ou partielle du capital investi.<\/span><span data-ccp-props=\"{&quot;134233117&quot;:true,&quot;134233118&quot;:true,&quot;201341983&quot;:0,&quot;335559739&quot;:160,&quot;335559740&quot;:240}\">\u00a0<\/span><\/p>\n<p><span data-contrast=\"auto\"><strong>LIMITATION DE RESPONSABILIT\u00c9<\/strong> <\/span><\/p>\n<p><span data-contrast=\"auto\">L&#8217;utilisation de toute information ou mat\u00e9riel disponible sur ce Site web rel\u00e8ve enti\u00e8rement de la responsabilit\u00e9 de chaque utilisateur. ABS et ses fournisseurs de donn\u00e9es excluent express\u00e9ment toute responsabilit\u00e9 dans toute la mesure permise par les lois et r\u00e9glementations applicables pour toute perte ou tout dommage de quelque nature que ce soit d\u00e9coulant de l&#8217;acc\u00e8s, de l&#8217;utilisation ou de la navigation sur le Site web et de l&#8217;utilisation des informations qui y sont contenues. Il incombe \u00e0 chaque utilisateur de veiller \u00e0 ce que tout Produit d&#8217;investissement, service ou information disponible sur ce Site web r\u00e9ponde aux besoins sp\u00e9cifiques de cet utilisateur. De plus, ABS exclut toute responsabilit\u00e9 pour toute perte ou tout dommage r\u00e9sultant directement ou indirectement de toute manipulation du syst\u00e8me EDP de l&#8217;utilisateur par des parties non autoris\u00e9es. Les utilisateurs doivent \u00eatre conscients du danger des virus, des logiciels malveillants et des logiciels espions, ainsi que de la possibilit\u00e9 d&#8217;attaques cibl\u00e9es de pirates informatiques. Il est conseill\u00e9 d&#8217;installer un logiciel antivirus constamment mis \u00e0 jour pour pr\u00e9venir les infections. Les e-mails provenant d&#8217;exp\u00e9diteurs inconnus ainsi que toute pi\u00e8ce jointe inattendue ne doivent jamais \u00eatre ouverts. Ni ABS ni aucun tiers ne fournissent de garantie ou de garantie quant \u00e0 l&#8217;exhaustivit\u00e9, \u00e0 l&#8217;actualit\u00e9 ou \u00e0 l&#8217;ad\u00e9quation des informations fournies ici.<\/span><span data-ccp-props=\"{&quot;134233117&quot;:true,&quot;134233118&quot;:true,&quot;201341983&quot;:0,&quot;335559739&quot;:160,&quot;335559740&quot;:240}\">\u00a0<\/span><\/p>\n<p><span data-contrast=\"auto\"><strong>MODIFICATIONS ET R\u00c9SILIATION <\/strong><\/span><\/p>\n<p>ABS <span data-contrast=\"auto\">se r\u00e9serve le droit d&#8217;apporter des modifications ou des ajouts et d&#8217;interrompre ou de r\u00e9silier le Site web \u00e0 tout moment et sans pr\u00e9avis.<\/span><span data-ccp-props=\"{&quot;134233117&quot;:true,&quot;134233118&quot;:true,&quot;201341983&quot;:0,&quot;335559739&quot;:160,&quot;335559740&quot;:240}\">\u00a0<\/span><\/p>\n<p><span data-contrast=\"auto\"><strong>CONFIDENTIALIT\u00c9 ET DROIT D&#8217;AUTEUR<\/strong> <\/span><\/p>\n<p><span data-contrast=\"auto\">Le Site web est prot\u00e9g\u00e9 par le droit d&#8217;auteur et est la propri\u00e9t\u00e9 exclusive d&#8217;ABS. Les utilisateurs ne doivent pas divulguer, reproduire (en totalit\u00e9 ou en partie) ou utiliser, \u00e0 des fins publiques ou commerciales, une partie du Site web ou toute information qui y est contenue sans le consentement \u00e9crit pr\u00e9alable d&#8217;ABS.<\/span><span data-ccp-props=\"{&quot;134233117&quot;:true,&quot;134233118&quot;:true,&quot;201341983&quot;:0,&quot;335559739&quot;:160,&quot;335559740&quot;:240}\">\u00a0<\/span><\/p>\n<p><span data-contrast=\"auto\"><strong>VIE PRIV\u00c9E<\/strong><\/span><\/p>\n<p><span data-contrast=\"auto\">ABS ne collecte pas les donn\u00e9es personnelles des utilisateurs du Site web, \u00e0 l&#8217;exception des donn\u00e9es d&#8217;identification \u00e9lectronique (par exemple, l&#8217;adresse IP) fournies par le navigateur des utilisateurs et gr\u00e2ce \u00e0 l&#8217;utilisation de cookies. Vous pouvez trouver plus d&#8217;informations sur les cookies utilis\u00e9s par le Site web dans notre Politique en mati\u00e8re de cookies (y compris des informations sur la gestion des cookies). ABS ne traitera ces donn\u00e9es que dans le cadre de l&#8217;analyse du trafic du Site web, de l&#8217;am\u00e9lioration du Site web et de la v\u00e9rification de l&#8217;acceptation par l&#8217;utilisateur des Conditions d&#8217;utilisation. ABS prot\u00e8ge votre vie priv\u00e9e et vos donn\u00e9es personnelles en mettant en \u0153uvre des mesures de s\u00e9curit\u00e9 techniques et organisationnelles appropri\u00e9es. Vos donn\u00e9es sont conserv\u00e9es aussi longtemps qu&#8217;elles sont n\u00e9cessaires ou requises pour les finalit\u00e9s pr\u00e9vues, sous r\u00e9serve des d\u00e9lais de prescription l\u00e9gaux. ABS ne divulguera pas les donn\u00e9es personnelles pertinentes \u00e0 des tiers. En cliquant sur &#8220;Je comprends et j&#8217;accepte&#8221; ci-dessous, vous acceptez ce traitement de vos donn\u00e9es personnelles. Conform\u00e9ment aux lois europ\u00e9ennes et luxembourgeoises sur la protection des donn\u00e9es, chaque utilisateur dispose des droits suivants en mati\u00e8re de protection des donn\u00e9es (les &#8220;<strong>Droits de protection des donn\u00e9es<\/strong>&#8220;) :<\/span><span data-ccp-props=\"{&quot;134233117&quot;:true,&quot;134233118&quot;:true,&quot;201341983&quot;:0,&quot;335559739&quot;:160,&quot;335559740&quot;:240}\">\u00a0<\/span><\/p>\n<ul>\n<li data-leveltext=\"\uf0b7\" data-font=\"Symbol\" data-listid=\"1\" data-list-defn-props=\"{&quot;335552541&quot;:1,&quot;335559684&quot;:-2,&quot;335559685&quot;:720,&quot;335559991&quot;:360,&quot;469769226&quot;:&quot;Symbol&quot;,&quot;469769242&quot;:[8226],&quot;469777803&quot;:&quot;left&quot;,&quot;469777804&quot;:&quot;\uf0b7&quot;,&quot;469777815&quot;:&quot;multilevel&quot;}\" aria-setsize=\"-1\" data-aria-posinset=\"1\" data-aria-level=\"1\"><span data-contrast=\"auto\">Droit d&#8217;acc\u00e8s aux informations personnelles<\/span><span data-ccp-props=\"{&quot;134233117&quot;:true,&quot;134233118&quot;:true,&quot;201341983&quot;:0,&quot;335559739&quot;:160,&quot;335559740&quot;:240}\">\u00a0<\/span><\/li>\n<li data-leveltext=\"\uf0b7\" data-font=\"Symbol\" data-listid=\"1\" data-list-defn-props=\"{&quot;335552541&quot;:1,&quot;335559684&quot;:-2,&quot;335559685&quot;:720,&quot;335559991&quot;:360,&quot;469769226&quot;:&quot;Symbol&quot;,&quot;469769242&quot;:[8226],&quot;469777803&quot;:&quot;left&quot;,&quot;469777804&quot;:&quot;\uf0b7&quot;,&quot;469777815&quot;:&quot;multilevel&quot;}\" aria-setsize=\"-1\" data-aria-posinset=\"2\" data-aria-level=\"1\"><span data-contrast=\"auto\">Droit de rectification des informations personnelles<\/span><span data-ccp-props=\"{&quot;134233117&quot;:true,&quot;134233118&quot;:true,&quot;201341983&quot;:0,&quot;335559739&quot;:160,&quot;335559740&quot;:240}\">\u00a0<\/span><\/li>\n<li data-leveltext=\"\uf0b7\" data-font=\"Symbol\" data-listid=\"1\" data-list-defn-props=\"{&quot;335552541&quot;:1,&quot;335559684&quot;:-2,&quot;335559685&quot;:720,&quot;335559991&quot;:360,&quot;469769226&quot;:&quot;Symbol&quot;,&quot;469769242&quot;:[8226],&quot;469777803&quot;:&quot;left&quot;,&quot;469777804&quot;:&quot;\uf0b7&quot;,&quot;469777815&quot;:&quot;multilevel&quot;}\" aria-setsize=\"-1\" data-aria-posinset=\"3\" data-aria-level=\"1\"><span data-contrast=\"auto\">Droit de restreindre l&#8217;utilisation des informations personnelles<\/span><span data-ccp-props=\"{&quot;134233117&quot;:true,&quot;134233118&quot;:true,&quot;201341983&quot;:0,&quot;335559739&quot;:160,&quot;335559740&quot;:240}\">\u00a0<\/span><\/li>\n<li data-leveltext=\"\uf0b7\" data-font=\"Symbol\" data-listid=\"1\" data-list-defn-props=\"{&quot;335552541&quot;:1,&quot;335559684&quot;:-2,&quot;335559685&quot;:720,&quot;335559991&quot;:360,&quot;469769226&quot;:&quot;Symbol&quot;,&quot;469769242&quot;:[8226],&quot;469777803&quot;:&quot;left&quot;,&quot;469777804&quot;:&quot;\uf0b7&quot;,&quot;469777815&quot;:&quot;multilevel&quot;}\" aria-setsize=\"-1\" data-aria-posinset=\"4\" data-aria-level=\"1\"><span data-contrast=\"auto\">Droit de demander l&#8217;effacement des informations personnelles<\/span><span data-ccp-props=\"{&quot;134233117&quot;:true,&quot;134233118&quot;:true,&quot;201341983&quot;:0,&quot;335559739&quot;:160,&quot;335559740&quot;:240}\">\u00a0<\/span><\/li>\n<li data-leveltext=\"\uf0b7\" data-font=\"Symbol\" data-listid=\"1\" data-list-defn-props=\"{&quot;335552541&quot;:1,&quot;335559684&quot;:-2,&quot;335559685&quot;:720,&quot;335559991&quot;:360,&quot;469769226&quot;:&quot;Symbol&quot;,&quot;469769242&quot;:[8226],&quot;469777803&quot;:&quot;left&quot;,&quot;469777804&quot;:&quot;\uf0b7&quot;,&quot;469777815&quot;:&quot;multilevel&quot;}\" aria-setsize=\"-1\" data-aria-posinset=\"5\" data-aria-level=\"1\"><span data-contrast=\"auto\">Droit de s&#8217;opposer au traitement des informations personnelles<\/span><span data-ccp-props=\"{&quot;134233117&quot;:true,&quot;134233118&quot;:true,&quot;201341983&quot;:0,&quot;335559739&quot;:160,&quot;335559740&quot;:240}\">\u00a0<\/span><\/li>\n<\/ul>\n<ul>\n<li data-leveltext=\"\uf0b7\" data-font=\"Symbol\" data-listid=\"1\" data-list-defn-props=\"{&quot;335552541&quot;:1,&quot;335559684&quot;:-2,&quot;335559685&quot;:720,&quot;335559991&quot;:360,&quot;469769226&quot;:&quot;Symbol&quot;,&quot;469769242&quot;:[8226],&quot;469777803&quot;:&quot;left&quot;,&quot;469777804&quot;:&quot;\uf0b7&quot;,&quot;469777815&quot;:&quot;multilevel&quot;}\" aria-setsize=\"-1\" data-aria-posinset=\"1\" data-aria-level=\"1\"><span data-contrast=\"auto\">Droit \u00e0 la portabilit\u00e9 des donn\u00e9es (dans certaines circonstances sp\u00e9cifiques)<\/span><span data-ccp-props=\"{&quot;134233117&quot;:true,&quot;134233118&quot;:true,&quot;201341983&quot;:0,&quot;335559739&quot;:160,&quot;335559740&quot;:240}\">\u00a0<\/span><\/li>\n<li data-leveltext=\"\uf0b7\" data-font=\"Symbol\" data-listid=\"1\" data-list-defn-props=\"{&quot;335552541&quot;:1,&quot;335559684&quot;:-2,&quot;335559685&quot;:720,&quot;335559991&quot;:360,&quot;469769226&quot;:&quot;Symbol&quot;,&quot;469769242&quot;:[8226],&quot;469777803&quot;:&quot;left&quot;,&quot;469777804&quot;:&quot;\uf0b7&quot;,&quot;469777815&quot;:&quot;multilevel&quot;}\" aria-setsize=\"-1\" data-aria-posinset=\"2\" data-aria-level=\"1\"><span data-contrast=\"auto\">Droit de d\u00e9poser une plainte aupr\u00e8s d&#8217;une autorit\u00e9 de contr\u00f4le. Si vous avez des questions sur les Droits de protection des donn\u00e9es ou si vous souhaitez exercer l&#8217;un de ces droits, vous pouvez nous contacter \u00e0 l&#8217;adresse \u00e9lectronique suivante : <\/span><a href=\"mailto:property@arabbank.com\"><span data-contrast=\"none\">property@arabbank.com<\/span><\/a><span data-contrast=\"auto\">.<\/span><span data-ccp-props=\"{&quot;134233117&quot;:true,&quot;134233118&quot;:true,&quot;201341983&quot;:0,&quot;335559739&quot;:160,&quot;335559740&quot;:240}\">\u00a0<\/span><\/li>\n<\/ul>\n<p><span data-contrast=\"auto\">En cliquant sur &#8220;Je comprends et j&#8217;accepte&#8221;, vous confirmez que vous avez lu, compris et accept\u00e9 les Conditions d&#8217;utilisation \u00e9nonc\u00e9es ci-dessus et que vous consentez au traitement de vos donn\u00e9es personnelles conform\u00e9ment \u00e0 la Politique de confidentialit\u00e9.<\/span><span data-ccp-props=\"{&quot;134233117&quot;:true,&quot;134233118&quot;:true,&quot;201341983&quot;:0,&quot;335559739&quot;:160,&quot;335559740&quot;:240}\">\u00a0<\/span><\/p>\n<p><strong>SITES WEB TIERS <\/strong><\/p>\n<p><span data-contrast=\"auto\">Le site web peut contenir des liens vers d&#8217;autres sites web et des ressources externes (y compris des liens vers des sites web de m\u00e9dias sociaux). L&#8217;utilisation de tout site web externe est exclusivement r\u00e9gie par ses propres conditions g\u00e9n\u00e9rales (y compris sa politique de confidentialit\u00e9).<\/span><span data-ccp-props=\"{&quot;134233117&quot;:true,&quot;134233118&quot;:true,&quot;201341983&quot;:0,&quot;335559739&quot;:160,&quot;335559740&quot;:240}\">\u00a0<\/span><\/p>\n<p><span data-contrast=\"auto\"><strong>LOI APPLICABLE<\/strong> <\/span><\/p>\n<p><span data-contrast=\"auto\">Le site web est r\u00e9gi par les lois du Grand-Duch\u00e9 de Luxembourg. En acc\u00e9dant au site web, vous acceptez de vous soumettre \u00e0 la comp\u00e9tence exclusive des tribunaux du Grand-Duch\u00e9 de Luxembourg. EN CLIQUANT SUR &#8220;JE COMPRENDS ET J&#8217;ACCEPTE&#8221;, VOUS REPR\u00c9SENTEZ, GARANTISSEZ ET ACCEPTEZ QUE (I) VOUS AVEZ LU ET COMPRIS LES INFORMATIONS CONTENUES DANS LES CONDITIONS D&#8217;UTILISATION CI-DESSUS (II) VOUS ACCEPTEZ D&#8217;\u00caTRE LI\u00c9 PAR SES CONDITIONS, ET (III) VOUS \u00caTES AUTORIS\u00c9 CONFORM\u00c9MENT AUX LOIS ET R\u00c8GLEMENTS APPLICABLES \u00c0 RECEVOIR LES INFORMATIONS CONTENUES SUR LE SITE WEB. SI VOUS NE POUVEZ PAS CONFIRMER CELA ET\/OU SI VOUS N&#8217;\u00caTES PAS D&#8217;ACCORD AVEC UNE PARTIE DES CONDITIONS D&#8217;UTILISATION CI-DESSUS, CLIQUEZ SUR &#8220;QUITTER CE SITE WEB&#8221; OU QUITTEZ AUTREMENT LE SITE WEB.<\/span><span data-ccp-props=\"{&quot;134233117&quot;:true,&quot;134233118&quot;:true,&quot;201341983&quot;:0,&quot;335559739&quot;:160,&quot;335559740&quot;:240}\">\u00a0<\/span><\/p>\n<p><span data-ccp-props=\"{&quot;201341983&quot;:0,&quot;335559739&quot;:160,&quot;335559740&quot;:259}\">\u00a0<\/span><\/p>\n","protected":false},"excerpt":{"rendered":"<p>Avant de continuer sur ce site web (le &#8220;Site web&#8220;), veuillez lire attentivement les conditions d&#8217;utilisation suivantes (les &#8220;Conditions d&#8217;utilisation&#8220;). Les Conditions d&#8217;utilisation et toute autre condition qui appara\u00eet sur la page \u00e0 partir de laquelle vous avez \u00e9t\u00e9 dirig\u00e9 vers ces Conditions d&#8217;utilisation r\u00e9gissent votre utilisation du Site web. En acc\u00e9dant au Site web, [&hellip;]<\/p>\n","protected":false},"author":1,"featured_media":0,"parent":0,"menu_order":4,"comment_status":"closed","ping_status":"closed","template":"templates\/cms.php","meta":{"_acf_changed":false,"footnotes":""},"class_list":["post-179207","page","type-page","status-publish","hentry"],"acf":[],"_links":{"self":[{"href":"https:\/\/www.ab-alternative.com\/fr\/wp-json\/wp\/v2\/pages\/179207","targetHints":{"allow":["GET"]}}],"collection":[{"href":"https:\/\/www.ab-alternative.com\/fr\/wp-json\/wp\/v2\/pages"}],"about":[{"href":"https:\/\/www.ab-alternative.com\/fr\/wp-json\/wp\/v2\/types\/page"}],"author":[{"embeddable":true,"href":"https:\/\/www.ab-alternative.com\/fr\/wp-json\/wp\/v2\/users\/1"}],"replies":[{"embeddable":true,"href":"https:\/\/www.ab-alternative.com\/fr\/wp-json\/wp\/v2\/comments?post=179207"}],"version-history":[{"count":3,"href":"https:\/\/www.ab-alternative.com\/fr\/wp-json\/wp\/v2\/pages\/179207\/revisions"}],"predecessor-version":[{"id":179210,"href":"https:\/\/www.ab-alternative.com\/fr\/wp-json\/wp\/v2\/pages\/179207\/revisions\/179210"}],"wp:attachment":[{"href":"https:\/\/www.ab-alternative.com\/fr\/wp-json\/wp\/v2\/media?parent=179207"}],"curies":[{"name":"wp","href":"https:\/\/api.w.org\/{rel}","templated":true}]}}