{"id":179625,"date":"2023-09-04T14:35:41","date_gmt":"2023-09-04T12:35:41","guid":{"rendered":"https:\/\/www.ab-alternative.com\/?page_id=179625"},"modified":"2023-09-05T17:20:36","modified_gmt":"2023-09-05T15:20:36","slug":"legal-disclosure","status":"publish","type":"page","link":"https:\/\/www.ab-alternative.com\/de\/legal-disclosure\/","title":{"rendered":"Legal Disclosure"},"content":{"rendered":"<p><span data-contrast=\"auto\">Vor dem Fortfahren auf diese Website (die &#8220;Website&#8221;) lesen Sie bitte die folgenden Nutzungsbedingungen (die &#8220;Nutzungsbedingungen&#8221;) sorgf\u00e4ltig durch. Die Nutzungsbedingungen und alle anderen Bedingungen, die auf der Seite erscheinen, von der aus Sie zu diesen Nutzungsbedingungen weitergeleitet wurden, regeln Ihre Nutzung der Website. Durch den Zugriff auf die Website best\u00e4tigen und akzeptieren Sie die unten aufgef\u00fchrten Nutzungsbedingungen.<\/span><span data-ccp-props=\"{&quot;134233117&quot;:true,&quot;134233118&quot;:true,&quot;201341983&quot;:0,&quot;335559740&quot;:240}\">\u00a0<\/span><\/p>\n<p>&nbsp;<\/p>\n<p><span data-contrast=\"auto\"><strong>INVESTMENTPRODUKTE<\/strong> <\/span><\/p>\n<p><span data-contrast=\"auto\">Die auf der Website pr\u00e4sentierten Investmentprodukte (die &#8220;Investmentprodukte&#8221;) werden nur in zusammenfassender Form beschrieben. Jedes Investmentprodukt unterliegt weiteren spezifischen Gesch\u00e4ftsbedingungen (die &#8220;Spezifischen Bedingungen&#8221;), die zus\u00e4tzlich zu den Nutzungsbedingungen gelten. <\/span><span data-contrast=\"auto\">Im Falle von Inkonsistenzen haben die Spezifischen Bedingungen Vorrang.<\/span><span data-ccp-props=\"{&quot;134233117&quot;:true,&quot;134233118&quot;:true,&quot;201341983&quot;:0,&quot;335559740&quot;:240}\">\u00a0<\/span><\/p>\n<p>&nbsp;<\/p>\n<p><span data-contrast=\"auto\"><strong>KEINE ANLAGE-, RECHTS-, STEUER- ODER ANDERE ARTEN VON BERATUNG<\/strong> <\/span><\/p>\n<p><span data-contrast=\"auto\">Die auf der Website enthaltenen Informationen wurden von der ARAB BANK (SWITZERLAND) LTD (&#8220;ABS&#8221;) mit gr\u00f6\u00dftm\u00f6glicher Sorgfalt und auf der Grundlage \u00f6ffentlich verf\u00fcgbarer Informationen, intern entwickelter Daten und anderer als zuverl\u00e4ssig erachteter Quellen erstellt. Die Informationen dienen nur zu Informationszwecken. Interessenten an einem Investmentprodukt sollten die auf der Website enthaltenen Informationen nicht als Beratung in rechtlichen, steuerlichen oder Anlageangelegenheiten betrachten. Investoren werden dringend empfohlen, vor jeder Entscheidung \u00fcber den Erwerb, das Halten oder die Ver\u00e4u\u00dferung einer Anlage in einem Investmentprodukt ihre eigenen professionellen Berater zu konsultieren.<\/span><span data-ccp-props=\"{&quot;134233117&quot;:true,&quot;134233118&quot;:true,&quot;201341983&quot;:0,&quot;335559740&quot;:240}\">\u00a0<\/span><\/p>\n<p>&nbsp;<\/p>\n<p><span data-contrast=\"auto\"><strong>KEIN ANGEBOT ODER AUFFORDERUNG<\/strong> <\/span><\/p>\n<p><span data-contrast=\"auto\">Nichts davon stellt ein Angebot zum Kauf oder Zeichnung oder eine Einladung oder Aufforderung zur Zeichnung oder zum Kauf von Wertpapieren in einem Investmentprodukt oder im Allgemeinen zu jeglicher Art von Anlagegesch\u00e4ft dar. Nichts davon bildet die Grundlage f\u00fcr einen Vertrag oder eine Verpflichtung. Soweit zutreffend, werden Investmentprodukte nur in Luxemburg und in jenen L\u00e4ndern angeboten, in denen das entsprechende Investmentprodukt entweder registriert oder anderweitig zur Verteilung zugelassen ist (derzeit nur die Schweiz). Es stellt keine Angebot oder Aufforderung an Personen in einer Gerichtsbarkeit dar, in der ein solches Angebot rechtswidrig ist oder an Personen, denen es rechtswidrig ist, ein solches Angebot oder eine solche Aufforderung zu machen. Jede Person, die auf die Website zugreift und sie nutzt, ist daf\u00fcr verantwortlich, sich \u00fcber solche Beschr\u00e4nkungen zu informieren und diese einzuhalten. Sofern solche Beschr\u00e4nkungen gelten, d\u00fcrfen Nutzer nicht auf die Website zugreifen. Dar\u00fcber hinaus k\u00f6nnen die Offenlegung von Informationen und der Verkauf von Investmentprodukten durch lokale Gesetze und Vorschriften in bestimmten L\u00e4ndern weiter eingeschr\u00e4nkt sein, insbesondere wenn die \u00f6rtlichen Aufsichtsbeh\u00f6rden nicht entsprechend benachrichtigt wurden oder die erforderlichen Genehmigungen nicht vorliegen. Dies gilt insbesondere f\u00fcr B\u00fcrger oder Einwohner der Vereinigten Staaten von Amerika. Weder die Informationen auf der Website noch deren Kopie d\u00fcrfen in die Vereinigten Staaten von Amerika gesendet, mitgef\u00fchrt oder anderweitig verbreitet werden oder an Staatsb\u00fcrger oder Einwohner dort.<\/span><span data-ccp-props=\"{&quot;134233117&quot;:true,&quot;134233118&quot;:true,&quot;201341983&quot;:0,&quot;335559740&quot;:240}\">\u00a0<\/span><\/p>\n<p><span data-contrast=\"auto\">In dem hier zusammengefasst dargestellten Investmentprodukt gelten weitere Bedingungen, wie sie in den jeweiligen Verkaufsunterlagen und Gr\u00fcndungsdokumenten festgelegt sind. Investitionen in ein Investmentprodukt d\u00fcrfen nur auf der Grundlage der jeweils aktuellsten Version der Verkaufsunterlagen eines solchen Investmentprodukts erfolgen, sofern zutreffend und von der zust\u00e4ndigen Aufsichtsbeh\u00f6rde genehmigt.<\/span><span data-ccp-props=\"{&quot;134233117&quot;:true,&quot;134233118&quot;:true,&quot;201341983&quot;:0,&quot;335559740&quot;:240}\">\u00a0<\/span><\/p>\n<p>&nbsp;<\/p>\n<p><span data-contrast=\"auto\"><strong>BERECHTIGTE INVESTOREN<\/strong> <\/span><\/p>\n<p><span data-contrast=\"auto\">Investmentprodukte k\u00f6nnen f\u00fcr den Verkauf oder f\u00fcr bestimmte Kategorien von Anlegern in bestimmten L\u00e4ndern nicht geeignet oder verf\u00fcgbar sein. Die Informationen auf der Website richten sich nur an professionelle Anleger (im Sinne der Richtlinie 2014\/65\/EU des Europ\u00e4ischen Parlaments und des Rates vom 15. Mai 2014 \u00fcber M\u00e4rkte f\u00fcr Finanzinstrumente, in der jeweils geltenden Fassung), gut informierte Anleger (im Sinne des Luxemburger Gesetzes vom 13. Februar 2007 \u00fcber spezialisierte Investmentfonds, in der jeweils geltenden Fassung) und\/oder qualifizierte Anleger (gem\u00e4\u00df dem Schweizerischen Kollektivanlagengesetz vom 23. Juni 2006, in der jeweils geltenden Fassung).<\/span><span data-ccp-props=\"{&quot;134233117&quot;:true,&quot;134233118&quot;:true,&quot;201341983&quot;:0,&quot;335559740&quot;:240}\">\u00a0<\/span><\/p>\n<p>&nbsp;<\/p>\n<p><span data-contrast=\"auto\"><strong>LEISTUNG<\/strong> <\/span><\/p>\n<p><span data-contrast=\"auto\">Alle Informationen auf der Website zur Leistung eines Investmentprodukts beziehen sich auf vergangene Leistungen und stellen keine Indikation f\u00fcr die zuk\u00fcnftige Leistung dieses Investmentprodukts oder eines anderen Investmentprodukts dar. Es wird betont, dass Investitionen in ein Investmentprodukt vielen Risikofaktoren unterliegen, wie in den entsprechenden Verkaufsunterlagen des Investmentprodukts beschrieben. In jedem Fall stellt die vergangene Leistung unter keinen Umst\u00e4nden eine offizielle Aussage oder Empfehlung von ABS dar. Vergangene Leistungen, die auf dieser Website angezeigt werden, dienen nur zu Informationszwecken und sind keine zuverl\u00e4ssigen Indikatoren f\u00fcr zuk\u00fcnftige Leistungen. Der Wert einer Anlage in ein Investmentprodukt kann sowohl steigen als auch fallen, und es besteht die M\u00f6glichkeit eines teilweisen oder vollst\u00e4ndigen Verlusts des investierten Kapitals.<\/span><\/p>\n<p><span data-ccp-props=\"{&quot;134233117&quot;:true,&quot;134233118&quot;:true,&quot;201341983&quot;:0,&quot;335559740&quot;:240}\">\u00a0<\/span><\/p>\n<p><span data-contrast=\"auto\"><strong>HAFTUNGSBESCHR\u00c4NKUNG<\/strong> <\/span><\/p>\n<p><span data-contrast=\"auto\">Die Nutzung von Informationen oder Materialien auf dieser Website erfolgt vollst\u00e4ndig auf eigenes Risiko jedes Nutzers. ABS und seine Datenlieferanten schlie\u00dfen jede Haftung nach Ma\u00dfgabe der geltenden Gesetze und Vorschriften f\u00fcr Verluste oder Sch\u00e4den jeglicher Art aus, die sich aus dem Zugriff, der Nutzung oder dem Durchsuchen der Website und der Verwendung der darin enthaltenen Informationen ergeben. Es obliegt jedem Nutzer selbst, sicherzustellen, dass jedes Investmentprodukt, jeder Service oder jede Information, die \u00fcber diese Website verf\u00fcgbar ist, seinen spezifischen Anforderungen entspricht. ABS \u00fcbernimmt keine Haftung oder Gew\u00e4hrleistung daf\u00fcr, dass die Website oder die darin enthaltenen Informationen oder Materialien unterbrechungs- oder fehlerfrei sind, dass M\u00e4ngel behoben werden oder dass die Website oder der Server, der sie verf\u00fcgbar macht, frei von Viren oder anderen sch\u00e4dlichen Komponenten ist.<\/span><span data-ccp-props=\"{&quot;134233117&quot;:true,&quot;134233118&quot;:true,&quot;201341983&quot;:0,&quot;335559740&quot;:240}\">\u00a0<\/span><\/p>\n<p><span data-ccp-props=\"{&quot;201341983&quot;:0,&quot;335559739&quot;:160,&quot;335559740&quot;:259}\">\u00a0<\/span><\/p>\n","protected":false},"excerpt":{"rendered":"<p>Vor dem Fortfahren auf diese Website (die &#8220;Website&#8221;) lesen Sie bitte die folgenden Nutzungsbedingungen (die &#8220;Nutzungsbedingungen&#8221;) sorgf\u00e4ltig durch. Die Nutzungsbedingungen und alle anderen Bedingungen, die auf der Seite erscheinen, von der aus Sie zu diesen Nutzungsbedingungen weitergeleitet wurden, regeln Ihre Nutzung der Website. Durch den Zugriff auf die Website best\u00e4tigen und akzeptieren Sie die unten [&hellip;]<\/p>\n","protected":false},"author":1,"featured_media":0,"parent":0,"menu_order":4,"comment_status":"closed","ping_status":"closed","template":"templates\/cms.php","meta":{"_acf_changed":false,"footnotes":""},"class_list":["post-179625","page","type-page","status-publish","hentry"],"acf":[],"_links":{"self":[{"href":"https:\/\/www.ab-alternative.com\/de\/wp-json\/wp\/v2\/pages\/179625","targetHints":{"allow":["GET"]}}],"collection":[{"href":"https:\/\/www.ab-alternative.com\/de\/wp-json\/wp\/v2\/pages"}],"about":[{"href":"https:\/\/www.ab-alternative.com\/de\/wp-json\/wp\/v2\/types\/page"}],"author":[{"embeddable":true,"href":"https:\/\/www.ab-alternative.com\/de\/wp-json\/wp\/v2\/users\/1"}],"replies":[{"embeddable":true,"href":"https:\/\/www.ab-alternative.com\/de\/wp-json\/wp\/v2\/comments?post=179625"}],"version-history":[{"count":2,"href":"https:\/\/www.ab-alternative.com\/de\/wp-json\/wp\/v2\/pages\/179625\/revisions"}],"predecessor-version":[{"id":179653,"href":"https:\/\/www.ab-alternative.com\/de\/wp-json\/wp\/v2\/pages\/179625\/revisions\/179653"}],"wp:attachment":[{"href":"https:\/\/www.ab-alternative.com\/de\/wp-json\/wp\/v2\/media?parent=179625"}],"curies":[{"name":"wp","href":"https:\/\/api.w.org\/{rel}","templated":true}]}}